{"id":2,"date":"2016-05-10T03:48:21","date_gmt":"2016-05-10T03:48:21","guid":{"rendered":"https:\/\/mutarse.com\/?page_id=2"},"modified":"2021-07-21T19:49:50","modified_gmt":"2021-07-22T00:49:50","slug":"sample-page","status":"publish","type":"page","link":"https:\/\/mutarse.com\/?page_id=2","title":{"rendered":"Informes de Sustentabilidad"},"content":{"rendered":"<p>Los informes\/reportes\/balances en sustentabilidad\/sostenibilidad\/sociales son documentos que normalmente se emiten anualmente para dar cuenta de los avances de las gestiones sociales, ambientales y econ\u00f3micas de la organizaci\u00f3n con el fin de dar transparencia y comunicar a sus grupos de inter\u00e9s.\u00a0<\/p>\n\n\n<figure class=\"wp-block-image size-large is-resized\"><img loading=\"lazy\" decoding=\"async\" src=\"https:\/\/mutarse.com\/wp-content\/uploads\/2021\/07\/reporte-en-blanco-1024x714.jpg\" alt=\"\" class=\"wp-image-36\" width=\"839\" height=\"584\" srcset=\"https:\/\/mutarse.com\/wp-content\/uploads\/2021\/07\/reporte-en-blanco-1024x714.jpg 1024w, https:\/\/mutarse.com\/wp-content\/uploads\/2021\/07\/reporte-en-blanco-300x209.jpg 300w, https:\/\/mutarse.com\/wp-content\/uploads\/2021\/07\/reporte-en-blanco-768x536.jpg 768w, https:\/\/mutarse.com\/wp-content\/uploads\/2021\/07\/reporte-en-blanco-1536x1071.jpg 1536w, https:\/\/mutarse.com\/wp-content\/uploads\/2021\/07\/reporte-en-blanco-2048x1428.jpg 2048w\" sizes=\"auto, (max-width: 839px) 100vw, 839px\" \/><figcaption>Registrar sus acciones peri\u00f3dicamente facilita el cumplimiento de indicadores<\/figcaption><\/figure>\n\n\n\n<blockquote class=\"wp-block-quote is-layout-flow wp-block-quote-is-layout-flow\"><p>&#8220;Alentar a las empresas, en especial las grandes empresas y las empresas transnacionales, a que adopten pr\u00e1cticas sostenibles e incorporen informaci\u00f3n sobre la sostenibilidad en su ciclo de presentaci\u00f3n de informes.\u201d<\/p><cite>ODS 12, meta 12.6<\/cite><\/blockquote>\n\n\n\n<p><\/p>\n","protected":false},"excerpt":{"rendered":"<p>Los informes\/reportes\/balances en sustentabilidad\/sostenibilidad\/sociales son documentos que normalmente se emiten anualmente para dar cuenta de los avances de las gestiones sociales, ambientales y econ\u00f3micas de la organizaci\u00f3n con el fin de dar transparencia y comunicar a sus grupos de inter\u00e9s.\u00a0 &#8220;Alentar a las empresas, en especial las grandes empresas y las empresas transnacionales, a que&#8230;<\/p>\n<p class=\"more-link\"><a href=\"https:\/\/mutarse.com\/?page_id=2\"><span>Read More<\/span><i>&#43;<\/i><\/a><\/p>\n","protected":false},"author":1,"featured_media":0,"parent":0,"menu_order":0,"comment_status":"closed","ping_status":"open","template":"","meta":{"footnotes":""},"class_list":["post-2","page","type-page","status-publish","hentry"],"_links":{"self":[{"href":"https:\/\/mutarse.com\/index.php?rest_route=\/wp\/v2\/pages\/2","targetHints":{"allow":["GET"]}}],"collection":[{"href":"https:\/\/mutarse.com\/index.php?rest_route=\/wp\/v2\/pages"}],"about":[{"href":"https:\/\/mutarse.com\/index.php?rest_route=\/wp\/v2\/types\/page"}],"author":[{"embeddable":true,"href":"https:\/\/mutarse.com\/index.php?rest_route=\/wp\/v2\/users\/1"}],"replies":[{"embeddable":true,"href":"https:\/\/mutarse.com\/index.php?rest_route=%2Fwp%2Fv2%2Fcomments&post=2"}],"version-history":[{"count":2,"href":"https:\/\/mutarse.com\/index.php?rest_route=\/wp\/v2\/pages\/2\/revisions"}],"predecessor-version":[{"id":35,"href":"https:\/\/mutarse.com\/index.php?rest_route=\/wp\/v2\/pages\/2\/revisions\/35"}],"wp:attachment":[{"href":"https:\/\/mutarse.com\/index.php?rest_route=%2Fwp%2Fv2%2Fmedia&parent=2"}],"curies":[{"name":"wp","href":"https:\/\/api.w.org\/{rel}","templated":true}]}}